{"id":78,"date":"2020-01-02T09:28:08","date_gmt":"2020-01-02T09:28:08","guid":{"rendered":"http:\/\/wpdemo.archiwp.com\/engitech\/?page_id=1370"},"modified":"2023-12-18T16:10:17","modified_gmt":"2023-12-18T13:10:17","slug":"contact","status":"publish","type":"page","link":"https:\/\/tragger.com.tr\/en\/contact\/","title":{"rendered":"Contact"},"content":{"rendered":"\t\t<div data-elementor-type=\"wp-page\" data-elementor-id=\"78\" class=\"elementor elementor-78\">\n\t\t\t\t\t\t\t\t\t<section class=\"elementor-section elementor-top-section elementor-element elementor-element-02a6254 elementor-section-full_width ot-traditional elementor-section-height-default elementor-section-height-default jltma-glass-effect-no\" data-id=\"02a6254\" data-element_type=\"section\">\n\t\t\t\t\t\t<div class=\"elementor-container elementor-column-gap-default\">\n\t\t\t\t\t<div class=\"elementor-column elementor-col-100 elementor-top-column elementor-element elementor-element-1d2747b ot-flex-column-vertical jltma-glass-effect-no\" data-id=\"1d2747b\" data-element_type=\"column\">\n\t\t\t<div class=\"elementor-widget-wrap elementor-element-populated\">\n\t\t\t\t\t\t\t\t<div class=\"elementor-element elementor-element-3e8db35 jltma-glass-effect-no elementor-widget elementor-widget-google_maps\" data-id=\"3e8db35\" data-element_type=\"widget\" data-widget_type=\"google_maps.default\">\n\t\t\t\t<div class=\"elementor-widget-container\">\n\t\t\t<style>\/*! elementor - v3.7.6 - 15-09-2022 *\/\n.elementor-widget-google_maps .elementor-widget-container{overflow:hidden}.elementor-widget-google_maps iframe{height:300px}<\/style>\t\t<div class=\"elementor-custom-embed\">\n\t\t\t<iframe frameborder=\"0\" scrolling=\"no\" marginheight=\"0\" marginwidth=\"0\"\n\t\t\t\t\tsrc=\"https:\/\/maps.google.com\/maps?q=Tragger%2C%20%C4%B0stanbul&#038;t=m&#038;z=10&#038;output=embed&#038;iwloc=near\"\n\t\t\t\t\ttitle=\"Tragger, \u0130stanbul\"\n\t\t\t\t\taria-label=\"Tragger, \u0130stanbul\"\n\t\t\t><\/iframe>\n\t\t<\/div>\n\t\t\t\t<\/div>\n\t\t\t\t<\/div>\n\t\t\t\t\t<\/div>\n\t\t<\/div>\n\t\t\t\t\t\t\t<\/div>\n\t\t<\/section>\n\t\t\t\t<section class=\"elementor-section elementor-top-section elementor-element elementor-element-d3f7e17 elementor-section-content-middle ot-traditional elementor-section-boxed elementor-section-height-default elementor-section-height-default jltma-glass-effect-no\" data-id=\"d3f7e17\" data-element_type=\"section\">\n\t\t\t\t\t\t<div class=\"elementor-container elementor-column-gap-extended\">\n\t\t\t\t\t<div class=\"elementor-column elementor-col-50 elementor-top-column elementor-element elementor-element-b5d017b ot-column-items-top ot-flex-column-vertical jltma-glass-effect-no\" data-id=\"b5d017b\" data-element_type=\"column\">\n\t\t\t<div class=\"elementor-widget-wrap elementor-element-populated\">\n\t\t\t\t\t\t\t\t<div class=\"elementor-element elementor-element-a0fae90 jltma-glass-effect-no elementor-widget elementor-widget-iheading\" data-id=\"a0fae90\" data-element_type=\"widget\" data-widget_type=\"iheading.default\">\n\t\t\t\t<div class=\"elementor-widget-container\">\n\t\t\t\t\t<div class=\"ot-heading\">\n\t        <p class=\"main-heading\">CONTACT<\/p>\t    <\/div>\n\t    \t\t<\/div>\n\t\t\t\t<\/div>\n\t\t\t\t<div class=\"elementor-element elementor-element-cf0e36d jltma-glass-effect-no elementor-widget elementor-widget-text-editor\" data-id=\"cf0e36d\" data-element_type=\"widget\" data-widget_type=\"text-editor.default\">\n\t\t\t\t<div class=\"elementor-widget-container\">\n\t\t\t<style>\/*! elementor - v3.7.6 - 15-09-2022 *\/\n.elementor-widget-text-editor.elementor-drop-cap-view-stacked .elementor-drop-cap{background-color:#818a91;color:#fff}.elementor-widget-text-editor.elementor-drop-cap-view-framed .elementor-drop-cap{color:#818a91;border:3px solid;background-color:transparent}.elementor-widget-text-editor:not(.elementor-drop-cap-view-default) .elementor-drop-cap{margin-top:8px}.elementor-widget-text-editor:not(.elementor-drop-cap-view-default) .elementor-drop-cap-letter{width:1em;height:1em}.elementor-widget-text-editor .elementor-drop-cap{float:left;text-align:center;line-height:1;font-size:50px}.elementor-widget-text-editor .elementor-drop-cap-letter{display:inline-block}<\/style>\t\t\t\t<h4>Istanbul Office<\/h4><p>Burhaniye Mah. Ta\u015focaklar\u0131 Sk. No: 3\/B Beylerbeyi 34676<br \/>\u00dcsk\u00fcdar\/\u0130stanbul<br \/><a href=\"tel:+908508888747\">T. +90 850 888 87 47 (TRGR)<\/a><br \/><a href=\"tel:+902165576696\">T. +90 216 557 66 96<\/a><br \/><a href=\"tel:+902165576466\">F. +90 216 557 67 77<\/a><\/p><h4>Ankara Office<\/h4><p>100. Y\u0131l Bulvar\u0131 Ostim Finans ve \u0130\u015f Merkezi (OF\u0130M)<br \/>No:99 Kat 5 21\/G 06374<br \/>Yenimahalle\/Ankara<br \/><a href=\"tel:+905436275059\">T. +90 543 627 50 59<\/a><\/p><h4>Bursa Factory &amp; Showroom<\/h4><p>Hasana\u011fa Organize Sanayi B\u00f6lgesi(HOSAB) 7. Cd. No 13, 16280<br \/>Nil\u00fcfer\/Bursa<br \/><a href=\"tel:+902244842447\">T. +90 224 484 24 47-49<\/a><br \/><a href=\"tel:+902244842454\">F. +90 224 484 24 54<\/a><br \/><a href=\"mailto:info@tragger.com.tr\">info@tragger.com.tr<\/a><\/p><h4>Germany<\/h4><p>Auberlenstra\u00dfe 13 D-70736 Fellbach<br \/><a href=\"tel:+49071150475767\">T. +49 (0) 711 \u2013 50 47 57 67<\/a><br \/><a href=\"tel:+49071150475787\">F. +49 (0) 711 \u2013 50 47 57 87<\/a><\/p>\t\t\t\t\t\t<\/div>\n\t\t\t\t<\/div>\n\t\t\t\t\t<\/div>\n\t\t<\/div>\n\t\t\t\t<div class=\"elementor-column elementor-col-50 elementor-top-column elementor-element elementor-element-8b97d5b ot-column-items-top ot-flex-column-vertical jltma-glass-effect-no\" data-id=\"8b97d5b\" data-element_type=\"column\">\n\t\t\t<div class=\"elementor-widget-wrap elementor-element-populated\">\n\t\t\t\t\t\t\t\t<div class=\"elementor-element elementor-element-44cd4fd jltma-glass-effect-no elementor-widget elementor-widget-iheading\" data-id=\"44cd4fd\" data-element_type=\"widget\" data-widget_type=\"iheading.default\">\n\t\t\t\t<div class=\"elementor-widget-container\">\n\t\t\t\t\t<div class=\"ot-heading\">\n\t        <p class=\"main-heading\">CONTACT US<\/p>\t    <\/div>\n\t    \t\t<\/div>\n\t\t\t\t<\/div>\n\t\t\t\t<div class=\"elementor-element elementor-element-df23e77 jltma-glass-effect-no elementor-widget elementor-widget-text-editor\" data-id=\"df23e77\" data-element_type=\"widget\" data-widget_type=\"text-editor.default\">\n\t\t\t\t<div class=\"elementor-widget-container\">\n\t\t\t\t\t\t\t<p><span class=\"Text\">TRAGGER Communication Team is ready to listen to you any time! Complete the contact form or contact us through the addresses and contact details of our factories for any questions in mind.<\/span><\/p>\t\t\t\t\t\t<\/div>\n\t\t\t\t<\/div>\n\t\t\t\t\t<\/div>\n\t\t<\/div>\n\t\t\t\t\t\t\t<\/div>\n\t\t<\/section>\n\t\t\t\t\t\t\t<\/div>\n\t\t","protected":false},"excerpt":{"rendered":"<p>CONTACT Istanbul Office Burhaniye Mah. Ta\u015focaklar\u0131 Sk. No: 3\/B Beylerbeyi 34676\u00dcsk\u00fcdar\/\u0130stanbulT. +90 850 888 87 47 (TRGR)T. +90 216 557 66 96F. +90 216 557 67 77 Ankara Office 100. Y\u0131l Bulvar\u0131 Ostim Finans ve \u0130\u015f Merkezi (OF\u0130M)No:99 Kat 5 21\/G 06374Yenimahalle\/AnkaraT. +90 543 627 50 59 Bursa Factory &amp; Showroom Hasana\u011fa Organize Sanayi B\u00f6lgesi(HOSAB) [&hellip;]<\/p>\n","protected":false},"author":1,"featured_media":0,"parent":0,"menu_order":0,"comment_status":"closed","ping_status":"closed","template":"elementor_header_footer","meta":{"footnotes":""},"class_list":["post-78","page","type-page","status-publish","hentry"],"yoast_head":"<!-- This site is optimized with the Yoast SEO plugin v27.4 - https:\/\/yoast.com\/product\/yoast-seo-wordpress\/ -->\n<title>Contact - TRAGGER Official Website<\/title>\n<meta name=\"robots\" content=\"index, follow, max-snippet:-1, max-image-preview:large, max-video-preview:-1\" \/>\n<link rel=\"canonical\" href=\"https:\/\/tragger.com.tr\/en\/contact\/\" \/>\n<meta property=\"og:locale\" content=\"en_US\" \/>\n<meta property=\"og:type\" content=\"article\" \/>\n<meta property=\"og:title\" content=\"Contact - TRAGGER Official Website\" \/>\n<meta property=\"og:description\" content=\"CONTACT Istanbul Office Burhaniye Mah. Ta\u015focaklar\u0131 Sk. No: 3\/B Beylerbeyi 34676\u00dcsk\u00fcdar\/\u0130stanbulT. +90 850 888 87 47 (TRGR)T. +90 216 557 66 96F. +90 216 557 67 77 Ankara Office 100. Y\u0131l Bulvar\u0131 Ostim Finans ve \u0130\u015f Merkezi (OF\u0130M)No:99 Kat 5 21\/G 06374Yenimahalle\/AnkaraT. +90 543 627 50 59 Bursa Factory &amp; Showroom Hasana\u011fa Organize Sanayi B\u00f6lgesi(HOSAB) [&hellip;]\" \/>\n<meta property=\"og:url\" content=\"https:\/\/tragger.com.tr\/en\/contact\/\" \/>\n<meta property=\"og:site_name\" content=\"TRAGGER Official Website\" \/>\n<meta property=\"article:modified_time\" content=\"2023-12-18T13:10:17+00:00\" \/>\n<meta name=\"twitter:card\" content=\"summary_large_image\" \/>\n<meta name=\"twitter:label1\" content=\"Est. reading time\" \/>\n\t<meta name=\"twitter:data1\" content=\"2 minutes\" \/>\n<script type=\"application\/ld+json\" class=\"yoast-schema-graph\">{\"@context\":\"https:\\\/\\\/schema.org\",\"@graph\":[{\"@type\":\"WebPage\",\"@id\":\"https:\\\/\\\/tragger.com.tr\\\/en\\\/contact\\\/\",\"url\":\"https:\\\/\\\/tragger.com.tr\\\/en\\\/contact\\\/\",\"name\":\"Contact - TRAGGER Official Website\",\"isPartOf\":{\"@id\":\"https:\\\/\\\/tragger.com.tr\\\/en\\\/#website\"},\"datePublished\":\"2020-01-02T09:28:08+00:00\",\"dateModified\":\"2023-12-18T13:10:17+00:00\",\"breadcrumb\":{\"@id\":\"https:\\\/\\\/tragger.com.tr\\\/en\\\/contact\\\/#breadcrumb\"},\"inLanguage\":\"en-US\",\"potentialAction\":[{\"@type\":\"ReadAction\",\"target\":[\"https:\\\/\\\/tragger.com.tr\\\/en\\\/contact\\\/\"]}]},{\"@type\":\"BreadcrumbList\",\"@id\":\"https:\\\/\\\/tragger.com.tr\\\/en\\\/contact\\\/#breadcrumb\",\"itemListElement\":[{\"@type\":\"ListItem\",\"position\":1,\"name\":\"Homepage\",\"item\":\"https:\\\/\\\/tragger.com.tr\\\/en\\\/\"},{\"@type\":\"ListItem\",\"position\":2,\"name\":\"Contact\"}]},{\"@type\":\"WebSite\",\"@id\":\"https:\\\/\\\/tragger.com.tr\\\/en\\\/#website\",\"url\":\"https:\\\/\\\/tragger.com.tr\\\/en\\\/\",\"name\":\"TRAGGER Official Website\",\"description\":\"\",\"potentialAction\":[{\"@type\":\"SearchAction\",\"target\":{\"@type\":\"EntryPoint\",\"urlTemplate\":\"https:\\\/\\\/tragger.com.tr\\\/en\\\/?s={search_term_string}\"},\"query-input\":{\"@type\":\"PropertyValueSpecification\",\"valueRequired\":true,\"valueName\":\"search_term_string\"}}],\"inLanguage\":\"en-US\"}]}<\/script>\n<!-- \/ Yoast SEO plugin. -->","yoast_head_json":{"title":"Contact - TRAGGER Official Website","robots":{"index":"index","follow":"follow","max-snippet":"max-snippet:-1","max-image-preview":"max-image-preview:large","max-video-preview":"max-video-preview:-1"},"canonical":"https:\/\/tragger.com.tr\/en\/contact\/","og_locale":"en_US","og_type":"article","og_title":"Contact - TRAGGER Official Website","og_description":"CONTACT Istanbul Office Burhaniye Mah. Ta\u015focaklar\u0131 Sk. No: 3\/B Beylerbeyi 34676\u00dcsk\u00fcdar\/\u0130stanbulT. +90 850 888 87 47 (TRGR)T. +90 216 557 66 96F. +90 216 557 67 77 Ankara Office 100. Y\u0131l Bulvar\u0131 Ostim Finans ve \u0130\u015f Merkezi (OF\u0130M)No:99 Kat 5 21\/G 06374Yenimahalle\/AnkaraT. +90 543 627 50 59 Bursa Factory &amp; Showroom Hasana\u011fa Organize Sanayi B\u00f6lgesi(HOSAB) [&hellip;]","og_url":"https:\/\/tragger.com.tr\/en\/contact\/","og_site_name":"TRAGGER Official Website","article_modified_time":"2023-12-18T13:10:17+00:00","twitter_card":"summary_large_image","twitter_misc":{"Est. reading time":"2 minutes"},"schema":{"@context":"https:\/\/schema.org","@graph":[{"@type":"WebPage","@id":"https:\/\/tragger.com.tr\/en\/contact\/","url":"https:\/\/tragger.com.tr\/en\/contact\/","name":"Contact - TRAGGER Official Website","isPartOf":{"@id":"https:\/\/tragger.com.tr\/en\/#website"},"datePublished":"2020-01-02T09:28:08+00:00","dateModified":"2023-12-18T13:10:17+00:00","breadcrumb":{"@id":"https:\/\/tragger.com.tr\/en\/contact\/#breadcrumb"},"inLanguage":"en-US","potentialAction":[{"@type":"ReadAction","target":["https:\/\/tragger.com.tr\/en\/contact\/"]}]},{"@type":"BreadcrumbList","@id":"https:\/\/tragger.com.tr\/en\/contact\/#breadcrumb","itemListElement":[{"@type":"ListItem","position":1,"name":"Homepage","item":"https:\/\/tragger.com.tr\/en\/"},{"@type":"ListItem","position":2,"name":"Contact"}]},{"@type":"WebSite","@id":"https:\/\/tragger.com.tr\/en\/#website","url":"https:\/\/tragger.com.tr\/en\/","name":"TRAGGER Official Website","description":"","potentialAction":[{"@type":"SearchAction","target":{"@type":"EntryPoint","urlTemplate":"https:\/\/tragger.com.tr\/en\/?s={search_term_string}"},"query-input":{"@type":"PropertyValueSpecification","valueRequired":true,"valueName":"search_term_string"}}],"inLanguage":"en-US"}]}},"_links":{"self":[{"href":"https:\/\/tragger.com.tr\/en\/wp-json\/wp\/v2\/pages\/78","targetHints":{"allow":["GET"]}}],"collection":[{"href":"https:\/\/tragger.com.tr\/en\/wp-json\/wp\/v2\/pages"}],"about":[{"href":"https:\/\/tragger.com.tr\/en\/wp-json\/wp\/v2\/types\/page"}],"author":[{"embeddable":true,"href":"https:\/\/tragger.com.tr\/en\/wp-json\/wp\/v2\/users\/1"}],"replies":[{"embeddable":true,"href":"https:\/\/tragger.com.tr\/en\/wp-json\/wp\/v2\/comments?post=78"}],"version-history":[{"count":15,"href":"https:\/\/tragger.com.tr\/en\/wp-json\/wp\/v2\/pages\/78\/revisions"}],"predecessor-version":[{"id":2066,"href":"https:\/\/tragger.com.tr\/en\/wp-json\/wp\/v2\/pages\/78\/revisions\/2066"}],"wp:attachment":[{"href":"https:\/\/tragger.com.tr\/en\/wp-json\/wp\/v2\/media?parent=78"}],"curies":[{"name":"wp","href":"https:\/\/api.w.org\/{rel}","templated":true}]}}