{"id":62,"date":"2021-03-28T18:24:55","date_gmt":"2021-03-28T18:24:55","guid":{"rendered":"http:\/\/demowebsitesi.com\/tragger\/?page_id=5306"},"modified":"2022-09-19T11:03:28","modified_gmt":"2022-09-19T08:03:28","slug":"press-room","status":"publish","type":"page","link":"https:\/\/tragger.com.tr\/en\/press-room\/","title":{"rendered":"Press Releases"},"content":{"rendered":"\t\t<div data-elementor-type=\"wp-page\" data-elementor-id=\"62\" class=\"elementor elementor-62\">\n\t\t\t\t\t\t\t\t\t<section class=\"elementor-section elementor-top-section elementor-element elementor-element-4e879f36 ot-traditional elementor-section-boxed elementor-section-height-default elementor-section-height-default jltma-glass-effect-no\" data-id=\"4e879f36\" data-element_type=\"section\">\n\t\t\t\t\t\t<div class=\"elementor-container elementor-column-gap-default\">\n\t\t\t\t\t<div class=\"elementor-column elementor-col-100 elementor-top-column elementor-element elementor-element-69fa76e2 ot-flex-column-vertical jltma-glass-effect-no\" data-id=\"69fa76e2\" data-element_type=\"column\">\n\t\t\t<div class=\"elementor-widget-wrap elementor-element-populated\">\n\t\t\t\t\t\t\t\t<div class=\"elementor-element elementor-element-20605bf4 jltma-glass-effect-no elementor-widget elementor-widget-text-editor\" data-id=\"20605bf4\" data-element_type=\"widget\" data-widget_type=\"text-editor.default\">\n\t\t\t\t<div class=\"elementor-widget-container\">\n\t\t\t<style>\/*! elementor - v3.7.6 - 15-09-2022 *\/\n.elementor-widget-text-editor.elementor-drop-cap-view-stacked .elementor-drop-cap{background-color:#818a91;color:#fff}.elementor-widget-text-editor.elementor-drop-cap-view-framed .elementor-drop-cap{color:#818a91;border:3px solid;background-color:transparent}.elementor-widget-text-editor:not(.elementor-drop-cap-view-default) .elementor-drop-cap{margin-top:8px}.elementor-widget-text-editor:not(.elementor-drop-cap-view-default) .elementor-drop-cap-letter{width:1em;height:1em}.elementor-widget-text-editor .elementor-drop-cap{float:left;text-align:center;line-height:1;font-size:50px}.elementor-widget-text-editor .elementor-drop-cap-letter{display:inline-block}<\/style>\t\t\t\t<h2>BASIN B\u00dcLTENLER\u0130<\/h2><article><h3><a href=\"https:\/\/tragger.com.tr\/basin-bultenleri\/yuzde-100-milli-yerli-yuzde-100-elektrikli\/\" rel=\"bookmark\">Y\u00fczde 100 milli &amp; yerli, y\u00fczde 100 elektrikli<\/a><\/h3><p><!-- .entry-header --><br \/><a href=\"https:\/\/tragger.com.tr\/basin-bultenleri\/yuzde-100-milli-yerli-yuzde-100-elektrikli\/\">Devam\u0131n\u0131 Okuyun<\/a><\/p><\/article>\t\t\t\t\t\t<\/div>\n\t\t\t\t<\/div>\n\t\t\t\t\t<\/div>\n\t\t<\/div>\n\t\t\t\t\t\t\t<\/div>\n\t\t<\/section>\n\t\t\t\t\t\t\t<\/div>\n\t\t","protected":false},"excerpt":{"rendered":"<p>BASIN B\u00dcLTENLER\u0130 Y\u00fczde 100 milli &amp; yerli, y\u00fczde 100 elektrikli Devam\u0131n\u0131 Okuyun<\/p>\n","protected":false},"author":1,"featured_media":0,"parent":0,"menu_order":0,"comment_status":"closed","ping_status":"closed","template":"elementor_header_footer","meta":{"footnotes":""},"class_list":["post-62","page","type-page","status-publish","hentry"],"yoast_head":"<!-- This site is optimized with the Yoast SEO plugin v27.4 - https:\/\/yoast.com\/product\/yoast-seo-wordpress\/ -->\n<title>Press Releases - TRAGGER Official Website<\/title>\n<meta name=\"robots\" content=\"index, follow, max-snippet:-1, max-image-preview:large, max-video-preview:-1\" \/>\n<link rel=\"canonical\" href=\"https:\/\/tragger.com.tr\/en\/press-room\/\" \/>\n<meta property=\"og:locale\" content=\"en_US\" \/>\n<meta property=\"og:type\" content=\"article\" \/>\n<meta property=\"og:title\" content=\"Press Releases - TRAGGER Official Website\" \/>\n<meta property=\"og:description\" content=\"BASIN B\u00dcLTENLER\u0130 Y\u00fczde 100 milli &amp; yerli, y\u00fczde 100 elektrikli Devam\u0131n\u0131 Okuyun\" \/>\n<meta property=\"og:url\" content=\"https:\/\/tragger.com.tr\/en\/press-room\/\" \/>\n<meta property=\"og:site_name\" content=\"TRAGGER Official Website\" \/>\n<meta property=\"article:modified_time\" content=\"2022-09-19T08:03:28+00:00\" \/>\n<meta name=\"twitter:card\" content=\"summary_large_image\" \/>\n<meta name=\"twitter:label1\" content=\"Est. reading time\" \/>\n\t<meta name=\"twitter:data1\" content=\"1 minute\" \/>\n<script type=\"application\/ld+json\" class=\"yoast-schema-graph\">{\"@context\":\"https:\\\/\\\/schema.org\",\"@graph\":[{\"@type\":\"WebPage\",\"@id\":\"https:\\\/\\\/tragger.com.tr\\\/en\\\/press-room\\\/\",\"url\":\"https:\\\/\\\/tragger.com.tr\\\/en\\\/press-room\\\/\",\"name\":\"Press Releases - TRAGGER Official Website\",\"isPartOf\":{\"@id\":\"https:\\\/\\\/tragger.com.tr\\\/en\\\/#website\"},\"datePublished\":\"2021-03-28T18:24:55+00:00\",\"dateModified\":\"2022-09-19T08:03:28+00:00\",\"breadcrumb\":{\"@id\":\"https:\\\/\\\/tragger.com.tr\\\/en\\\/press-room\\\/#breadcrumb\"},\"inLanguage\":\"en-US\",\"potentialAction\":[{\"@type\":\"ReadAction\",\"target\":[\"https:\\\/\\\/tragger.com.tr\\\/en\\\/press-room\\\/\"]}]},{\"@type\":\"BreadcrumbList\",\"@id\":\"https:\\\/\\\/tragger.com.tr\\\/en\\\/press-room\\\/#breadcrumb\",\"itemListElement\":[{\"@type\":\"ListItem\",\"position\":1,\"name\":\"Homepage\",\"item\":\"https:\\\/\\\/tragger.com.tr\\\/en\\\/\"},{\"@type\":\"ListItem\",\"position\":2,\"name\":\"Press Releases\"}]},{\"@type\":\"WebSite\",\"@id\":\"https:\\\/\\\/tragger.com.tr\\\/en\\\/#website\",\"url\":\"https:\\\/\\\/tragger.com.tr\\\/en\\\/\",\"name\":\"TRAGGER Official Website\",\"description\":\"\",\"potentialAction\":[{\"@type\":\"SearchAction\",\"target\":{\"@type\":\"EntryPoint\",\"urlTemplate\":\"https:\\\/\\\/tragger.com.tr\\\/en\\\/?s={search_term_string}\"},\"query-input\":{\"@type\":\"PropertyValueSpecification\",\"valueRequired\":true,\"valueName\":\"search_term_string\"}}],\"inLanguage\":\"en-US\"}]}<\/script>\n<!-- \/ Yoast SEO plugin. -->","yoast_head_json":{"title":"Press Releases - TRAGGER Official Website","robots":{"index":"index","follow":"follow","max-snippet":"max-snippet:-1","max-image-preview":"max-image-preview:large","max-video-preview":"max-video-preview:-1"},"canonical":"https:\/\/tragger.com.tr\/en\/press-room\/","og_locale":"en_US","og_type":"article","og_title":"Press Releases - TRAGGER Official Website","og_description":"BASIN B\u00dcLTENLER\u0130 Y\u00fczde 100 milli &amp; yerli, y\u00fczde 100 elektrikli Devam\u0131n\u0131 Okuyun","og_url":"https:\/\/tragger.com.tr\/en\/press-room\/","og_site_name":"TRAGGER Official Website","article_modified_time":"2022-09-19T08:03:28+00:00","twitter_card":"summary_large_image","twitter_misc":{"Est. reading time":"1 minute"},"schema":{"@context":"https:\/\/schema.org","@graph":[{"@type":"WebPage","@id":"https:\/\/tragger.com.tr\/en\/press-room\/","url":"https:\/\/tragger.com.tr\/en\/press-room\/","name":"Press Releases - TRAGGER Official Website","isPartOf":{"@id":"https:\/\/tragger.com.tr\/en\/#website"},"datePublished":"2021-03-28T18:24:55+00:00","dateModified":"2022-09-19T08:03:28+00:00","breadcrumb":{"@id":"https:\/\/tragger.com.tr\/en\/press-room\/#breadcrumb"},"inLanguage":"en-US","potentialAction":[{"@type":"ReadAction","target":["https:\/\/tragger.com.tr\/en\/press-room\/"]}]},{"@type":"BreadcrumbList","@id":"https:\/\/tragger.com.tr\/en\/press-room\/#breadcrumb","itemListElement":[{"@type":"ListItem","position":1,"name":"Homepage","item":"https:\/\/tragger.com.tr\/en\/"},{"@type":"ListItem","position":2,"name":"Press Releases"}]},{"@type":"WebSite","@id":"https:\/\/tragger.com.tr\/en\/#website","url":"https:\/\/tragger.com.tr\/en\/","name":"TRAGGER Official Website","description":"","potentialAction":[{"@type":"SearchAction","target":{"@type":"EntryPoint","urlTemplate":"https:\/\/tragger.com.tr\/en\/?s={search_term_string}"},"query-input":{"@type":"PropertyValueSpecification","valueRequired":true,"valueName":"search_term_string"}}],"inLanguage":"en-US"}]}},"_links":{"self":[{"href":"https:\/\/tragger.com.tr\/en\/wp-json\/wp\/v2\/pages\/62","targetHints":{"allow":["GET"]}}],"collection":[{"href":"https:\/\/tragger.com.tr\/en\/wp-json\/wp\/v2\/pages"}],"about":[{"href":"https:\/\/tragger.com.tr\/en\/wp-json\/wp\/v2\/types\/page"}],"author":[{"embeddable":true,"href":"https:\/\/tragger.com.tr\/en\/wp-json\/wp\/v2\/users\/1"}],"replies":[{"embeddable":true,"href":"https:\/\/tragger.com.tr\/en\/wp-json\/wp\/v2\/comments?post=62"}],"version-history":[{"count":0,"href":"https:\/\/tragger.com.tr\/en\/wp-json\/wp\/v2\/pages\/62\/revisions"}],"wp:attachment":[{"href":"https:\/\/tragger.com.tr\/en\/wp-json\/wp\/v2\/media?parent=62"}],"curies":[{"name":"wp","href":"https:\/\/api.w.org\/{rel}","templated":true}]}}