{"id":2120,"date":"2024-01-11T12:41:15","date_gmt":"2024-01-11T09:41:15","guid":{"rendered":"https:\/\/tragger.com.tr\/en\/?page_id=2120"},"modified":"2024-05-27T10:52:11","modified_gmt":"2024-05-27T07:52:11","slug":"t-solar","status":"publish","type":"page","link":"https:\/\/tragger.com.tr\/en\/transfer-series\/t-solar\/","title":{"rendered":"T-Solar"},"content":{"rendered":"\t\t<div data-elementor-type=\"wp-page\" data-elementor-id=\"2120\" class=\"elementor elementor-2120\">\n\t\t\t\t\t\t\t<div class=\"elementor-element elementor-element-f6d7910 e-container--row jltma-glass-effect-no e-container\" data-id=\"f6d7910\" data-element_type=\"container\">\t\t<div class=\"elementor-element elementor-element-e59e930 e-container--column jltma-glass-effect-no elementor-invisible e-container\" data-id=\"e59e930\" data-element_type=\"container\" data-settings=\"{&quot;animation&quot;:&quot;fadeIn&quot;}\">\t\t\t\t<div class=\"elementor-element elementor-element-f6c29bc jltma-glass-effect-no elementor-widget elementor-widget-heading\" data-id=\"f6c29bc\" data-element_type=\"widget\" data-widget_type=\"heading.default\">\n\t\t\t\t<div class=\"elementor-widget-container\">\n\t\t\t<style>\/*! elementor - v3.7.6 - 15-09-2022 *\/\n.elementor-heading-title{padding:0;margin:0;line-height:1}.elementor-widget-heading .elementor-heading-title[class*=elementor-size-]>a{color:inherit;font-size:inherit;line-height:inherit}.elementor-widget-heading .elementor-heading-title.elementor-size-small{font-size:15px}.elementor-widget-heading .elementor-heading-title.elementor-size-medium{font-size:19px}.elementor-widget-heading .elementor-heading-title.elementor-size-large{font-size:29px}.elementor-widget-heading .elementor-heading-title.elementor-size-xl{font-size:39px}.elementor-widget-heading .elementor-heading-title.elementor-size-xxl{font-size:59px}<\/style><h1 class=\"elementor-heading-title elementor-size-default\">TRAGGER T-SOLAR: New Solar Energy Utility Vehicle<\/h1>\t\t<\/div>\n\t\t\t\t<\/div>\n\t\t\t\t<div class=\"elementor-element elementor-element-00703e2 elementor-arrows-position-inside elementor-pagination-position-outside jltma-glass-effect-no elementor-widget elementor-widget-image-carousel\" data-id=\"00703e2\" data-element_type=\"widget\" data-settings=\"{&quot;slides_to_show&quot;:&quot;1&quot;,&quot;navigation&quot;:&quot;both&quot;,&quot;autoplay&quot;:&quot;yes&quot;,&quot;pause_on_hover&quot;:&quot;yes&quot;,&quot;pause_on_interaction&quot;:&quot;yes&quot;,&quot;autoplay_speed&quot;:5000,&quot;infinite&quot;:&quot;yes&quot;,&quot;effect&quot;:&quot;slide&quot;,&quot;speed&quot;:500}\" data-widget_type=\"image-carousel.default\">\n\t\t\t\t<div class=\"elementor-widget-container\">\n\t\t\t<style>\/*! elementor - v3.7.6 - 15-09-2022 *\/\n.elementor-widget-image-carousel .swiper-container{position:static}.elementor-widget-image-carousel .swiper-container .swiper-slide figure{line-height:inherit}.elementor-widget-image-carousel .swiper-slide{text-align:center}.elementor-image-carousel-wrapper:not(.swiper-container-initialized) .swiper-slide{max-width:calc(100% \/ var(--e-image-carousel-slides-to-show, 3))}<\/style>\t\t<div class=\"elementor-image-carousel-wrapper swiper-container\" dir=\"ltr\">\n\t\t\t<div class=\"elementor-image-carousel swiper-wrapper\">\n\t\t\t\t\t\t\t\t<div class=\"swiper-slide\"><figure class=\"swiper-slide-inner\"><img decoding=\"async\" class=\"swiper-slide-image\" src=\"https:\/\/tragger.com.tr\/wp-content\/uploads\/2024\/01\/T-Solar-1.jpg\" alt=\"\" \/><\/figure><\/div><div class=\"swiper-slide\"><figure class=\"swiper-slide-inner\"><img decoding=\"async\" class=\"swiper-slide-image\" src=\"https:\/\/tragger.com.tr\/wp-content\/uploads\/2024\/01\/T-Solar-2.jpg\" alt=\"\" \/><\/figure><\/div><div class=\"swiper-slide\"><figure class=\"swiper-slide-inner\"><img decoding=\"async\" class=\"swiper-slide-image\" src=\"https:\/\/tragger.com.tr\/wp-content\/uploads\/2024\/01\/T-Solar-3.jpg\" alt=\"\" \/><\/figure><\/div><div class=\"swiper-slide\"><figure class=\"swiper-slide-inner\"><img decoding=\"async\" class=\"swiper-slide-image\" src=\"https:\/\/tragger.com.tr\/wp-content\/uploads\/2024\/01\/T-Solar-4.jpg\" alt=\"\" \/><\/figure><\/div><div class=\"swiper-slide\"><figure class=\"swiper-slide-inner\"><img decoding=\"async\" class=\"swiper-slide-image\" src=\"https:\/\/tragger.com.tr\/wp-content\/uploads\/2024\/01\/T-Solar-5.jpg\" alt=\"\" \/><\/figure><\/div><div class=\"swiper-slide\"><figure class=\"swiper-slide-inner\"><img decoding=\"async\" class=\"swiper-slide-image\" src=\"https:\/\/tragger.com.tr\/wp-content\/uploads\/2024\/01\/T-Solar-6.jpg\" alt=\"\" \/><\/figure><\/div><div class=\"swiper-slide\"><figure class=\"swiper-slide-inner\"><img decoding=\"async\" class=\"swiper-slide-image\" src=\"https:\/\/tragger.com.tr\/wp-content\/uploads\/2024\/01\/T-Solar-7.jpg\" alt=\"\" \/><\/figure><\/div>\t\t\t<\/div>\n\t\t\t\t\t\t\t\t\t\t\t\t<div class=\"swiper-pagination\"><\/div>\n\t\t\t\t\t\t\t\t\t\t\t\t\t<div class=\"elementor-swiper-button elementor-swiper-button-prev\">\n\t\t\t\t\t\t<i aria-hidden=\"true\" class=\"eicon-chevron-left\"><\/i>\t\t\t\t\t\t<span class=\"elementor-screen-only\">Previous<\/span>\n\t\t\t\t\t<\/div>\n\t\t\t\t\t<div class=\"elementor-swiper-button elementor-swiper-button-next\">\n\t\t\t\t\t\t<i aria-hidden=\"true\" class=\"eicon-chevron-right\"><\/i>\t\t\t\t\t\t<span class=\"elementor-screen-only\">Next<\/span>\n\t\t\t\t\t<\/div>\n\t\t\t\t\t\t\t\t\t<\/div>\n\t\t\t\t<\/div>\n\t\t\t\t<\/div>\n\t\t<\/div><div class=\"elementor-element elementor-element-595d5b5 e-container--column jltma-glass-effect-no elementor-invisible e-container\" data-id=\"595d5b5\" data-element_type=\"container\" data-settings=\"{&quot;animation&quot;:&quot;fadeIn&quot;}\">\t\t<\/div><\/div><div class=\"elementor-element elementor-element-49f981e e-container--row jltma-glass-effect-no e-container\" data-id=\"49f981e\" data-element_type=\"container\">\t\t<div class=\"elementor-element elementor-element-bfca360 e-container--column jltma-glass-effect-no elementor-invisible e-container\" data-id=\"bfca360\" data-element_type=\"container\" data-settings=\"{&quot;animation&quot;:&quot;fadeInLeft&quot;}\">\t\t\t\t<div class=\"elementor-element elementor-element-c794326 jltma-glass-effect-no elementor-widget elementor-widget-image\" data-id=\"c794326\" data-element_type=\"widget\" data-widget_type=\"image.default\">\n\t\t\t\t<div class=\"elementor-widget-container\">\n\t\t\t<style>\/*! elementor - v3.7.6 - 15-09-2022 *\/\n.elementor-widget-image{text-align:center}.elementor-widget-image a{display:inline-block}.elementor-widget-image a img[src$=\".svg\"]{width:48px}.elementor-widget-image img{vertical-align:middle;display:inline-block}<\/style>\t\t\t\t\t\t\t\t\t\t\t\t<img decoding=\"async\" src=\"https:\/\/tragger.com.tr\/wp-content\/uploads\/2024\/01\/T-Solar-1.jpg\" title=\"\" alt=\"\" \/>\t\t\t\t\t\t\t\t\t\t\t\t\t\t\t<\/div>\n\t\t\t\t<\/div>\n\t\t<\/div><div class=\"elementor-element elementor-element-4cc65c6 e-container--column jltma-glass-effect-no elementor-invisible e-container\" data-id=\"4cc65c6\" data-element_type=\"container\" data-settings=\"{&quot;animation&quot;:&quot;fadeInRight&quot;}\">\t\t\t\t<div class=\"elementor-element elementor-element-c997d68 jltma-glass-effect-no elementor-widget elementor-widget-heading\" data-id=\"c997d68\" data-element_type=\"widget\" data-widget_type=\"heading.default\">\n\t\t\t\t<div class=\"elementor-widget-container\">\n\t\t\t<h2 class=\"elementor-heading-title elementor-size-default\">Energy From The Sun<\/h2>\t\t<\/div>\n\t\t\t\t<\/div>\n\t\t\t\t<div class=\"elementor-element elementor-element-8250760 jltma-glass-effect-no elementor-widget elementor-widget-text-editor\" data-id=\"8250760\" data-element_type=\"widget\" data-widget_type=\"text-editor.default\">\n\t\t\t\t<div class=\"elementor-widget-container\">\n\t\t\t<style>\/*! elementor - v3.7.6 - 15-09-2022 *\/\n.elementor-widget-text-editor.elementor-drop-cap-view-stacked .elementor-drop-cap{background-color:#818a91;color:#fff}.elementor-widget-text-editor.elementor-drop-cap-view-framed .elementor-drop-cap{color:#818a91;border:3px solid;background-color:transparent}.elementor-widget-text-editor:not(.elementor-drop-cap-view-default) .elementor-drop-cap{margin-top:8px}.elementor-widget-text-editor:not(.elementor-drop-cap-view-default) .elementor-drop-cap-letter{width:1em;height:1em}.elementor-widget-text-editor .elementor-drop-cap{float:left;text-align:center;line-height:1;font-size:50px}.elementor-widget-text-editor .elementor-drop-cap-letter{display:inline-block}<\/style>\t\t\t\t<p class=\"p1\">In countries, where the duration of sunshine is high; the next-\ngeneration electric vehicle T-Solar equipped with high-efficiency\nphotovoltaic solar panels meets up to 40% of its daily charging\ncapacity from solar energy.<span class=\"Apple-converted-space\">\u00a0<\/span><\/p>\t\t\t\t\t\t<\/div>\n\t\t\t\t<\/div>\n\t\t<\/div><\/div><div class=\"elementor-element elementor-element-0f34977 e-container--row jltma-glass-effect-no e-container\" data-id=\"0f34977\" data-element_type=\"container\">\t\t<div class=\"elementor-element elementor-element-eaa777a e-container--column jltma-glass-effect-no elementor-invisible e-container\" data-id=\"eaa777a\" data-element_type=\"container\" data-settings=\"{&quot;animation&quot;:&quot;fadeInLeft&quot;}\">\t\t\t\t<div class=\"elementor-element elementor-element-5188736 jltma-glass-effect-no elementor-widget elementor-widget-heading\" data-id=\"5188736\" data-element_type=\"widget\" data-widget_type=\"heading.default\">\n\t\t\t\t<div class=\"elementor-widget-container\">\n\t\t\t<h2 class=\"elementor-heading-title elementor-size-default\">Supported by Solar Energy<\/h2>\t\t<\/div>\n\t\t\t\t<\/div>\n\t\t\t\t<div class=\"elementor-element elementor-element-4cbb83e jltma-glass-effect-no elementor-widget elementor-widget-text-editor\" data-id=\"4cbb83e\" data-element_type=\"widget\" data-widget_type=\"text-editor.default\">\n\t\t\t\t<div class=\"elementor-widget-container\">\n\t\t\t\t\t\t\t<p class=\"p1\">Our new vehicle which has the feature of providing energy does not\nonly power another electric vehicle but also charges electrically\npowered devices, with its ability to provide 220 volt mains electricity\nwith a power of 5 kW.<\/p>\t\t\t\t\t\t<\/div>\n\t\t\t\t<\/div>\n\t\t<\/div><div class=\"elementor-element elementor-element-6c0836e e-container--column jltma-glass-effect-no elementor-invisible e-container\" data-id=\"6c0836e\" data-element_type=\"container\" data-settings=\"{&quot;animation&quot;:&quot;fadeInRight&quot;}\">\t\t\t\t<div class=\"elementor-element elementor-element-3ade223 jltma-glass-effect-no elementor-widget elementor-widget-image\" data-id=\"3ade223\" data-element_type=\"widget\" data-widget_type=\"image.default\">\n\t\t\t\t<div class=\"elementor-widget-container\">\n\t\t\t\t\t\t\t\t\t\t\t\t\t\t\t<img decoding=\"async\" src=\"https:\/\/tragger.com.tr\/wp-content\/uploads\/2024\/01\/T-Solar-2.jpg\" title=\"\" alt=\"\" \/>\t\t\t\t\t\t\t\t\t\t\t\t\t\t\t<\/div>\n\t\t\t\t<\/div>\n\t\t<\/div><\/div><div class=\"elementor-element elementor-element-e828ffa e-container--row jltma-glass-effect-no e-container\" data-id=\"e828ffa\" data-element_type=\"container\">\t\t<div class=\"elementor-element elementor-element-8b9aa4c e-container--column jltma-glass-effect-no elementor-invisible e-container\" data-id=\"8b9aa4c\" data-element_type=\"container\" data-settings=\"{&quot;animation&quot;:&quot;fadeInLeft&quot;}\">\t\t\t\t<div class=\"elementor-element elementor-element-97af37e jltma-glass-effect-no elementor-widget elementor-widget-image\" data-id=\"97af37e\" data-element_type=\"widget\" data-widget_type=\"image.default\">\n\t\t\t\t<div class=\"elementor-widget-container\">\n\t\t\t\t\t\t\t\t\t\t\t\t\t\t\t<img decoding=\"async\" src=\"https:\/\/tragger.com.tr\/wp-content\/uploads\/2024\/01\/T-Solar-3.jpg\" title=\"\" alt=\"\" \/>\t\t\t\t\t\t\t\t\t\t\t\t\t\t\t<\/div>\n\t\t\t\t<\/div>\n\t\t<\/div><div class=\"elementor-element elementor-element-adfa556 e-container--column jltma-glass-effect-no elementor-invisible e-container\" data-id=\"adfa556\" data-element_type=\"container\" data-settings=\"{&quot;animation&quot;:&quot;fadeInRight&quot;}\">\t\t\t\t<div class=\"elementor-element elementor-element-626542b jltma-glass-effect-no elementor-widget elementor-widget-heading\" data-id=\"626542b\" data-element_type=\"widget\" data-widget_type=\"heading.default\">\n\t\t\t\t<div class=\"elementor-widget-container\">\n\t\t\t<h2 class=\"elementor-heading-title elementor-size-default\">Environmentally Friendly<\/h2>\t\t<\/div>\n\t\t\t\t<\/div>\n\t\t\t\t<div class=\"elementor-element elementor-element-df27ec2 jltma-glass-effect-no elementor-widget elementor-widget-text-editor\" data-id=\"df27ec2\" data-element_type=\"widget\" data-widget_type=\"text-editor.default\">\n\t\t\t\t<div class=\"elementor-widget-container\">\n\t\t\t\t\t\t\t<p class=\"p1\">T-Solar enhances your driving experience in an environmentally\nfriendly manner by minimizing its environmental impact through\nlow energy consumption and the use of renewable solar energy.<span class=\"Apple-converted-space\">\u00a0<\/span><\/p>\t\t\t\t\t\t<\/div>\n\t\t\t\t<\/div>\n\t\t<\/div><\/div><div class=\"elementor-element elementor-element-89e3d0a e-container--row jltma-glass-effect-no e-container\" data-id=\"89e3d0a\" data-element_type=\"container\">\t\t<div class=\"elementor-element elementor-element-683449c e-container--column jltma-glass-effect-no elementor-invisible e-container\" data-id=\"683449c\" data-element_type=\"container\" data-settings=\"{&quot;animation&quot;:&quot;fadeInLeft&quot;}\">\t\t\t\t<div class=\"elementor-element elementor-element-1fcb89f jltma-glass-effect-no elementor-widget elementor-widget-heading\" data-id=\"1fcb89f\" data-element_type=\"widget\" data-widget_type=\"heading.default\">\n\t\t\t\t<div class=\"elementor-widget-container\">\n\t\t\t<h2 class=\"elementor-heading-title elementor-size-default\">Sustainable Tourism Support<\/h2>\t\t<\/div>\n\t\t\t\t<\/div>\n\t\t\t\t<div class=\"elementor-element elementor-element-aa84ebb jltma-glass-effect-no elementor-widget elementor-widget-text-editor\" data-id=\"aa84ebb\" data-element_type=\"widget\" data-widget_type=\"text-editor.default\">\n\t\t\t\t<div class=\"elementor-widget-container\">\n\t\t\t\t\t\t\t<p class=\"p1\">The environmental commitment of T-Solar, powered by renewable\nenergy, significantly accelerates the process of obtaining sustainable\ntourism certifications for facilities. Through this vehicle, facilities\nshowcase an eco-conscious approach, presenting sustainability\nreports and seizing the opportunity to represent an innovative and\nenvironmentally conscious stance. T-Solar&#39;s eco-friendly nature\ngreatly contributes to establishing a leading position in sustainable\ntourism.<\/p>\t\t\t\t\t\t<\/div>\n\t\t\t\t<\/div>\n\t\t<\/div><div class=\"elementor-element elementor-element-1d6d675 e-container--column jltma-glass-effect-no elementor-invisible e-container\" data-id=\"1d6d675\" data-element_type=\"container\" data-settings=\"{&quot;animation&quot;:&quot;fadeInRight&quot;}\">\t\t\t\t<div class=\"elementor-element elementor-element-9a0e725 jltma-glass-effect-no elementor-widget elementor-widget-image\" data-id=\"9a0e725\" data-element_type=\"widget\" data-widget_type=\"image.default\">\n\t\t\t\t<div class=\"elementor-widget-container\">\n\t\t\t\t\t\t\t\t\t\t\t\t\t\t\t<img decoding=\"async\" src=\"https:\/\/tragger.com.tr\/wp-content\/uploads\/2024\/01\/T-Solar-4.jpg\" title=\"\" alt=\"\" \/>\t\t\t\t\t\t\t\t\t\t\t\t\t\t\t<\/div>\n\t\t\t\t<\/div>\n\t\t<\/div><\/div>\t\t<section class=\"elementor-section elementor-top-section elementor-element elementor-element-036feb1 elementor-hidden-desktop elementor-hidden-tablet elementor-hidden-mobile ot-traditional elementor-section-boxed elementor-section-height-default elementor-section-height-default jltma-glass-effect-no\" data-id=\"036feb1\" data-element_type=\"section\">\n\t\t\t\t\t\t<div class=\"elementor-container elementor-column-gap-default\">\n\t\t\t\t\t<div class=\"elementor-column elementor-col-100 elementor-top-column elementor-element elementor-element-1509780 ot-flex-column-vertical jltma-glass-effect-no\" data-id=\"1509780\" data-element_type=\"column\">\n\t\t\t<div class=\"elementor-widget-wrap elementor-element-populated\">\n\t\t\t\t\t\t\t\t<div class=\"elementor-element elementor-element-f77cbbc elementor-mobile-align-center jltma-glass-effect-no elementor-widget elementor-widget-button\" data-id=\"f77cbbc\" data-element_type=\"widget\" data-widget_type=\"button.default\">\n\t\t\t\t<div class=\"elementor-widget-container\">\n\t\t\t\t\t<div class=\"elementor-button-wrapper\">\n\t\t\t<a href=\"https:\/\/tragger.com.tr\/wp-content\/uploads\/2022\/07\/T-car-Brosur-DB.pdf\" target=\"_blank\" class=\"elementor-button-link elementor-button elementor-size-lg\" role=\"button\">\n\t\t\t\t\t\t<span class=\"elementor-button-content-wrapper\">\n\t\t\t\t\t\t<span class=\"elementor-button-text\">\u0130ncelemek \u0130\u00e7in T\u0131klay\u0131n\u0131z<\/span>\n\t\t<\/span>\n\t\t\t\t\t<\/a>\n\t\t<\/div>\n\t\t\t\t<\/div>\n\t\t\t\t<\/div>\n\t\t\t\t\t<\/div>\n\t\t<\/div>\n\t\t\t\t\t\t\t<\/div>\n\t\t<\/section>\n\t\t\t\t<section class=\"elementor-section elementor-top-section elementor-element elementor-element-06e2f58 ot-traditional elementor-section-boxed elementor-section-height-default elementor-section-height-default jltma-glass-effect-no\" data-id=\"06e2f58\" data-element_type=\"section\">\n\t\t\t\t\t\t<div class=\"elementor-container elementor-column-gap-default\">\n\t\t\t\t\t<div class=\"elementor-column elementor-col-100 elementor-top-column elementor-element elementor-element-e1ff65a ot-flex-column-vertical jltma-glass-effect-no\" data-id=\"e1ff65a\" data-element_type=\"column\">\n\t\t\t<div class=\"elementor-widget-wrap elementor-element-populated\">\n\t\t\t\t\t\t\t\t<div class=\"elementor-element elementor-element-55e24f6 jltma-glass-effect-no elementor-widget elementor-widget-heading\" data-id=\"55e24f6\" data-element_type=\"widget\" data-widget_type=\"heading.default\">\n\t\t\t\t<div class=\"elementor-widget-container\">\n\t\t\t<p class=\"elementor-heading-title elementor-size-default\">CONTACT US<\/p>\t\t<\/div>\n\t\t\t\t<\/div>\n\t\t\t\t<div class=\"elementor-element elementor-element-297cc13 jltma-glass-effect-no elementor-widget elementor-widget-text-editor\" data-id=\"297cc13\" data-element_type=\"widget\" data-widget_type=\"text-editor.default\">\n\t\t\t\t<div class=\"elementor-widget-container\">\n\t\t\t\t\t\t\t<span class=\"Text\">TRAGGER, which serves for a sustainable world with its 100% electric, quality, innovative and environmentally friendly vehicles, is always ready to listen to you! For anything you are curious about, you can fill out the contact form and reach us using the contact information.<\/span>\t\t\t\t\t\t<\/div>\n\t\t\t\t<\/div>\n\t\t\t\t\t<\/div>\n\t\t<\/div>\n\t\t\t\t\t\t\t<\/div>\n\t\t<\/section>\n\t\t\t\t\t\t\t<\/div>\n\t\t","protected":false},"excerpt":{"rendered":"<p>TRAGGER T-SOLAR: New Solar Energy Utility Vehicle Previous Next Technicial Specifications T-Solar Axle Standart Rated Power (kW) 13,55 Rated Torque (Nm) 125 Working Voltage (V) 48 Battery Capacity (Ah) 240 \/ Lead Acid Person Capacity 4+2 Parking Brake Electromagnetic Energy From The Sun In countries, where the duration of sunshine is high; the next- generation [&hellip;]<\/p>\n","protected":false},"author":1,"featured_media":0,"parent":106,"menu_order":0,"comment_status":"closed","ping_status":"closed","template":"elementor_header_footer","meta":{"footnotes":""},"class_list":["post-2120","page","type-page","status-publish","hentry"],"yoast_head":"<!-- This site is optimized with the Yoast SEO plugin v27.4 - https:\/\/yoast.com\/product\/yoast-seo-wordpress\/ -->\n<title>T-Solar - TRAGGER Official Website<\/title>\n<meta name=\"robots\" content=\"index, follow, max-snippet:-1, max-image-preview:large, max-video-preview:-1\" \/>\n<link rel=\"canonical\" href=\"https:\/\/tragger.com.tr\/en\/transfer-series\/t-solar\/\" \/>\n<meta property=\"og:locale\" content=\"en_US\" \/>\n<meta property=\"og:type\" content=\"article\" \/>\n<meta property=\"og:title\" content=\"T-Solar - TRAGGER Official Website\" \/>\n<meta property=\"og:description\" content=\"TRAGGER T-SOLAR: New Solar Energy Utility Vehicle Previous Next Technicial Specifications T-Solar Axle Standart Rated Power (kW) 13,55 Rated Torque (Nm) 125 Working Voltage (V) 48 Battery Capacity (Ah) 240 \/ Lead Acid Person Capacity 4+2 Parking Brake Electromagnetic Energy From The Sun In countries, where the duration of sunshine is high; the next- generation [&hellip;]\" \/>\n<meta property=\"og:url\" content=\"https:\/\/tragger.com.tr\/en\/transfer-series\/t-solar\/\" \/>\n<meta property=\"og:site_name\" content=\"TRAGGER Official Website\" \/>\n<meta property=\"article:modified_time\" content=\"2024-05-27T07:52:11+00:00\" \/>\n<meta name=\"twitter:card\" content=\"summary_large_image\" \/>\n<meta name=\"twitter:label1\" content=\"Est. reading time\" \/>\n\t<meta name=\"twitter:data1\" content=\"1 minute\" \/>\n<script type=\"application\/ld+json\" class=\"yoast-schema-graph\">{\"@context\":\"https:\\\/\\\/schema.org\",\"@graph\":[{\"@type\":\"WebPage\",\"@id\":\"https:\\\/\\\/tragger.com.tr\\\/en\\\/transfer-series\\\/t-solar\\\/\",\"url\":\"https:\\\/\\\/tragger.com.tr\\\/en\\\/transfer-series\\\/t-solar\\\/\",\"name\":\"T-Solar - TRAGGER Official Website\",\"isPartOf\":{\"@id\":\"https:\\\/\\\/tragger.com.tr\\\/en\\\/#website\"},\"primaryImageOfPage\":{\"@id\":\"https:\\\/\\\/tragger.com.tr\\\/en\\\/transfer-series\\\/t-solar\\\/#primaryimage\"},\"image\":{\"@id\":\"https:\\\/\\\/tragger.com.tr\\\/en\\\/transfer-series\\\/t-solar\\\/#primaryimage\"},\"thumbnailUrl\":\"https:\\\/\\\/tragger.com.tr\\\/wp-content\\\/uploads\\\/2024\\\/01\\\/T-Solar-1.jpg\",\"datePublished\":\"2024-01-11T09:41:15+00:00\",\"dateModified\":\"2024-05-27T07:52:11+00:00\",\"breadcrumb\":{\"@id\":\"https:\\\/\\\/tragger.com.tr\\\/en\\\/transfer-series\\\/t-solar\\\/#breadcrumb\"},\"inLanguage\":\"en-US\",\"potentialAction\":[{\"@type\":\"ReadAction\",\"target\":[\"https:\\\/\\\/tragger.com.tr\\\/en\\\/transfer-series\\\/t-solar\\\/\"]}]},{\"@type\":\"ImageObject\",\"inLanguage\":\"en-US\",\"@id\":\"https:\\\/\\\/tragger.com.tr\\\/en\\\/transfer-series\\\/t-solar\\\/#primaryimage\",\"url\":\"https:\\\/\\\/tragger.com.tr\\\/wp-content\\\/uploads\\\/2024\\\/01\\\/T-Solar-1.jpg\",\"contentUrl\":\"https:\\\/\\\/tragger.com.tr\\\/wp-content\\\/uploads\\\/2024\\\/01\\\/T-Solar-1.jpg\"},{\"@type\":\"BreadcrumbList\",\"@id\":\"https:\\\/\\\/tragger.com.tr\\\/en\\\/transfer-series\\\/t-solar\\\/#breadcrumb\",\"itemListElement\":[{\"@type\":\"ListItem\",\"position\":1,\"name\":\"Homepage\",\"item\":\"https:\\\/\\\/tragger.com.tr\\\/en\\\/\"},{\"@type\":\"ListItem\",\"position\":2,\"name\":\"T-Solar\"}]},{\"@type\":\"WebSite\",\"@id\":\"https:\\\/\\\/tragger.com.tr\\\/en\\\/#website\",\"url\":\"https:\\\/\\\/tragger.com.tr\\\/en\\\/\",\"name\":\"TRAGGER Official Website\",\"description\":\"\",\"potentialAction\":[{\"@type\":\"SearchAction\",\"target\":{\"@type\":\"EntryPoint\",\"urlTemplate\":\"https:\\\/\\\/tragger.com.tr\\\/en\\\/?s={search_term_string}\"},\"query-input\":{\"@type\":\"PropertyValueSpecification\",\"valueRequired\":true,\"valueName\":\"search_term_string\"}}],\"inLanguage\":\"en-US\"}]}<\/script>\n<!-- \/ Yoast SEO plugin. -->","yoast_head_json":{"title":"T-Solar - TRAGGER Official Website","robots":{"index":"index","follow":"follow","max-snippet":"max-snippet:-1","max-image-preview":"max-image-preview:large","max-video-preview":"max-video-preview:-1"},"canonical":"https:\/\/tragger.com.tr\/en\/transfer-series\/t-solar\/","og_locale":"en_US","og_type":"article","og_title":"T-Solar - TRAGGER Official Website","og_description":"TRAGGER T-SOLAR: New Solar Energy Utility Vehicle Previous Next Technicial Specifications T-Solar Axle Standart Rated Power (kW) 13,55 Rated Torque (Nm) 125 Working Voltage (V) 48 Battery Capacity (Ah) 240 \/ Lead Acid Person Capacity 4+2 Parking Brake Electromagnetic Energy From The Sun In countries, where the duration of sunshine is high; the next- generation [&hellip;]","og_url":"https:\/\/tragger.com.tr\/en\/transfer-series\/t-solar\/","og_site_name":"TRAGGER Official Website","article_modified_time":"2024-05-27T07:52:11+00:00","twitter_card":"summary_large_image","twitter_misc":{"Est. reading time":"1 minute"},"schema":{"@context":"https:\/\/schema.org","@graph":[{"@type":"WebPage","@id":"https:\/\/tragger.com.tr\/en\/transfer-series\/t-solar\/","url":"https:\/\/tragger.com.tr\/en\/transfer-series\/t-solar\/","name":"T-Solar - TRAGGER Official Website","isPartOf":{"@id":"https:\/\/tragger.com.tr\/en\/#website"},"primaryImageOfPage":{"@id":"https:\/\/tragger.com.tr\/en\/transfer-series\/t-solar\/#primaryimage"},"image":{"@id":"https:\/\/tragger.com.tr\/en\/transfer-series\/t-solar\/#primaryimage"},"thumbnailUrl":"https:\/\/tragger.com.tr\/wp-content\/uploads\/2024\/01\/T-Solar-1.jpg","datePublished":"2024-01-11T09:41:15+00:00","dateModified":"2024-05-27T07:52:11+00:00","breadcrumb":{"@id":"https:\/\/tragger.com.tr\/en\/transfer-series\/t-solar\/#breadcrumb"},"inLanguage":"en-US","potentialAction":[{"@type":"ReadAction","target":["https:\/\/tragger.com.tr\/en\/transfer-series\/t-solar\/"]}]},{"@type":"ImageObject","inLanguage":"en-US","@id":"https:\/\/tragger.com.tr\/en\/transfer-series\/t-solar\/#primaryimage","url":"https:\/\/tragger.com.tr\/wp-content\/uploads\/2024\/01\/T-Solar-1.jpg","contentUrl":"https:\/\/tragger.com.tr\/wp-content\/uploads\/2024\/01\/T-Solar-1.jpg"},{"@type":"BreadcrumbList","@id":"https:\/\/tragger.com.tr\/en\/transfer-series\/t-solar\/#breadcrumb","itemListElement":[{"@type":"ListItem","position":1,"name":"Homepage","item":"https:\/\/tragger.com.tr\/en\/"},{"@type":"ListItem","position":2,"name":"T-Solar"}]},{"@type":"WebSite","@id":"https:\/\/tragger.com.tr\/en\/#website","url":"https:\/\/tragger.com.tr\/en\/","name":"TRAGGER Official Website","description":"","potentialAction":[{"@type":"SearchAction","target":{"@type":"EntryPoint","urlTemplate":"https:\/\/tragger.com.tr\/en\/?s={search_term_string}"},"query-input":{"@type":"PropertyValueSpecification","valueRequired":true,"valueName":"search_term_string"}}],"inLanguage":"en-US"}]}},"_links":{"self":[{"href":"https:\/\/tragger.com.tr\/en\/wp-json\/wp\/v2\/pages\/2120","targetHints":{"allow":["GET"]}}],"collection":[{"href":"https:\/\/tragger.com.tr\/en\/wp-json\/wp\/v2\/pages"}],"about":[{"href":"https:\/\/tragger.com.tr\/en\/wp-json\/wp\/v2\/types\/page"}],"author":[{"embeddable":true,"href":"https:\/\/tragger.com.tr\/en\/wp-json\/wp\/v2\/users\/1"}],"replies":[{"embeddable":true,"href":"https:\/\/tragger.com.tr\/en\/wp-json\/wp\/v2\/comments?post=2120"}],"version-history":[{"count":19,"href":"https:\/\/tragger.com.tr\/en\/wp-json\/wp\/v2\/pages\/2120\/revisions"}],"predecessor-version":[{"id":2244,"href":"https:\/\/tragger.com.tr\/en\/wp-json\/wp\/v2\/pages\/2120\/revisions\/2244"}],"up":[{"embeddable":true,"href":"https:\/\/tragger.com.tr\/en\/wp-json\/wp\/v2\/pages\/106"}],"wp:attachment":[{"href":"https:\/\/tragger.com.tr\/en\/wp-json\/wp\/v2\/media?parent=2120"}],"curies":[{"name":"wp","href":"https:\/\/api.w.org\/{rel}","templated":true}]}}